{"id":722,"date":"2017-11-26T13:31:19","date_gmt":"2017-11-26T12:31:19","guid":{"rendered":"https:\/\/villaantiqua.com\/villa-antiqua\/"},"modified":"2019-11-14T14:20:25","modified_gmt":"2019-11-14T13:20:25","slug":"villa-antiqua","status":"publish","type":"page","link":"https:\/\/villaantiqua.com\/de\/villa-antiqua\/","title":{"rendered":"Villa Antiqua"},"content":{"rendered":"<p>[et_pb_section bb_built=&#8220;1&#8243; _builder_version=&#8220;3.0.91&#8243; background_image=&#8220;https:\/\/villaantiqua.com\/wp-content\/uploads\/2017\/11\/1-e1515967687988.png&#8220; module_id=&#8220;glavni_wrapper&#8220; custom_margin=&#8220;0px|||&#8220; custom_padding=&#8220;0px|||&#8220; inner_width=&#8220;auto&#8220; inner_max_width=&#8220;1200px&#8220;][et_pb_row _builder_version=&#8220;3.0.91&#8243; background_color=&#8220;#ffffff&#8220; module_alignment=&#8220;center&#8220; gutter_width=&#8220;1&#8243; custom_margin=&#8220;0px|||&#8220; custom_padding=&#8220;0px||0px|&#8220; border_radii=&#8220;|0px|0px|10px|10px&#8220; width=&#8220;80%&#8220; max_width=&#8220;1200px&#8220;][et_pb_column type=&#8220;4_4&#8243; custom_padding__hover=&#8220;|||&#8220; custom_padding=&#8220;0px|||&#8220;][et_pb_text admin_label=&#8220;About&#8220; _builder_version=&#8220;4.0.5&#8243; header_font=&#8220;|800|||||||&#8220; header_text_align=&#8220;center&#8220; header_font_size=&#8220;70px&#8220; header_text_color=&#8220;#c5ac84&#8243; background_color=&#8220;#ffffff&#8220; custom_margin=&#8220;0px|||&#8220; custom_padding=&#8220;30px|30px|30px|30px&#8220; border_radii=&#8220;|0px|0px|10px|10px&#8220; module_class=&#8220;scroll_text&#8220; text_text_shadow_horizontal_length=&#8220;text_text_shadow_style,%91object Object%93&#8243; text_text_shadow_horizontal_length_tablet=&#8220;0px&#8220; text_text_shadow_vertical_length=&#8220;text_text_shadow_style,%91object Object%93&#8243; text_text_shadow_vertical_length_tablet=&#8220;0px&#8220; text_text_shadow_blur_strength=&#8220;text_text_shadow_style,%91object Object%93&#8243; text_text_shadow_blur_strength_tablet=&#8220;1px&#8220; link_text_shadow_horizontal_length=&#8220;link_text_shadow_style,%91object Object%93&#8243; link_text_shadow_horizontal_length_tablet=&#8220;0px&#8220; link_text_shadow_vertical_length=&#8220;link_text_shadow_style,%91object Object%93&#8243; link_text_shadow_vertical_length_tablet=&#8220;0px&#8220; link_text_shadow_blur_strength=&#8220;link_text_shadow_style,%91object Object%93&#8243; link_text_shadow_blur_strength_tablet=&#8220;1px&#8220; ul_text_shadow_horizontal_length=&#8220;ul_text_shadow_style,%91object Object%93&#8243; ul_text_shadow_horizontal_length_tablet=&#8220;0px&#8220; ul_text_shadow_vertical_length=&#8220;ul_text_shadow_style,%91object Object%93&#8243; ul_text_shadow_vertical_length_tablet=&#8220;0px&#8220; ul_text_shadow_blur_strength=&#8220;ul_text_shadow_style,%91object Object%93&#8243; ul_text_shadow_blur_strength_tablet=&#8220;1px&#8220; ol_text_shadow_horizontal_length=&#8220;ol_text_shadow_style,%91object Object%93&#8243; ol_text_shadow_horizontal_length_tablet=&#8220;0px&#8220; ol_text_shadow_vertical_length=&#8220;ol_text_shadow_style,%91object Object%93&#8243; ol_text_shadow_vertical_length_tablet=&#8220;0px&#8220; ol_text_shadow_blur_strength=&#8220;ol_text_shadow_style,%91object Object%93&#8243; ol_text_shadow_blur_strength_tablet=&#8220;1px&#8220; quote_text_shadow_horizontal_length=&#8220;quote_text_shadow_style,%91object Object%93&#8243; quote_text_shadow_horizontal_length_tablet=&#8220;0px&#8220; quote_text_shadow_vertical_length=&#8220;quote_text_shadow_style,%91object Object%93&#8243; quote_text_shadow_vertical_length_tablet=&#8220;0px&#8220; quote_text_shadow_blur_strength=&#8220;quote_text_shadow_style,%91object Object%93&#8243; quote_text_shadow_blur_strength_tablet=&#8220;1px&#8220; header_text_shadow_horizontal_length=&#8220;header_text_shadow_style,%91object Object%93&#8243; header_text_shadow_horizontal_length_tablet=&#8220;0px&#8220; header_text_shadow_vertical_length=&#8220;header_text_shadow_style,%91object Object%93&#8243; header_text_shadow_vertical_length_tablet=&#8220;0px&#8220; header_text_shadow_blur_strength=&#8220;header_text_shadow_style,%91object Object%93&#8243; header_text_shadow_blur_strength_tablet=&#8220;1px&#8220; header_2_text_shadow_horizontal_length=&#8220;header_2_text_shadow_style,%91object Object%93&#8243; header_2_text_shadow_horizontal_length_tablet=&#8220;0px&#8220; header_2_text_shadow_vertical_length=&#8220;header_2_text_shadow_style,%91object Object%93&#8243; header_2_text_shadow_vertical_length_tablet=&#8220;0px&#8220; header_2_text_shadow_blur_strength=&#8220;header_2_text_shadow_style,%91object Object%93&#8243; header_2_text_shadow_blur_strength_tablet=&#8220;1px&#8220; header_3_text_shadow_horizontal_length=&#8220;header_3_text_shadow_style,%91object Object%93&#8243; header_3_text_shadow_horizontal_length_tablet=&#8220;0px&#8220; header_3_text_shadow_vertical_length=&#8220;header_3_text_shadow_style,%91object Object%93&#8243; header_3_text_shadow_vertical_length_tablet=&#8220;0px&#8220; header_3_text_shadow_blur_strength=&#8220;header_3_text_shadow_style,%91object Object%93&#8243; header_3_text_shadow_blur_strength_tablet=&#8220;1px&#8220; header_4_text_shadow_horizontal_length=&#8220;header_4_text_shadow_style,%91object Object%93&#8243; header_4_text_shadow_horizontal_length_tablet=&#8220;0px&#8220; header_4_text_shadow_vertical_length=&#8220;header_4_text_shadow_style,%91object Object%93&#8243; header_4_text_shadow_vertical_length_tablet=&#8220;0px&#8220; header_4_text_shadow_blur_strength=&#8220;header_4_text_shadow_style,%91object Object%93&#8243; header_4_text_shadow_blur_strength_tablet=&#8220;1px&#8220; header_5_text_shadow_horizontal_length=&#8220;header_5_text_shadow_style,%91object Object%93&#8243; header_5_text_shadow_horizontal_length_tablet=&#8220;0px&#8220; header_5_text_shadow_vertical_length=&#8220;header_5_text_shadow_style,%91object Object%93&#8243; header_5_text_shadow_vertical_length_tablet=&#8220;0px&#8220; header_5_text_shadow_blur_strength=&#8220;header_5_text_shadow_style,%91object Object%93&#8243; header_5_text_shadow_blur_strength_tablet=&#8220;1px&#8220; header_6_text_shadow_horizontal_length=&#8220;header_6_text_shadow_style,%91object Object%93&#8243; header_6_text_shadow_horizontal_length_tablet=&#8220;0px&#8220; header_6_text_shadow_vertical_length=&#8220;header_6_text_shadow_style,%91object Object%93&#8243; header_6_text_shadow_vertical_length_tablet=&#8220;0px&#8220; header_6_text_shadow_blur_strength=&#8220;header_6_text_shadow_style,%91object Object%93&#8243; header_6_text_shadow_blur_strength_tablet=&#8220;1px&#8220; box_shadow_horizontal_tablet=&#8220;0px&#8220; box_shadow_vertical_tablet=&#8220;0px&#8220; box_shadow_blur_tablet=&#8220;40px&#8220; box_shadow_spread_tablet=&#8220;0px&#8220; z_index_tablet=&#8220;500&#8243;]<\/p>\n<p><strong>Einzigartige Anti-Stress-Oase Villa Antiqua mit beheiztem Schwimmbad und Whirlpool<\/strong><\/p>\n<p>M\u00f6chten Sie Ihren Urlaub in einer traumhaften Familienvilla in dem historischen St\u00e4dtchen Osor, der Anti-Stress-Oase der Inseln Cres und Lo\u0161inj, einer der sch\u00f6nsten Ecken der kroatischen Adria genie\u00dfen?<\/p>\n<p>Dann besuchen sie die Villa Antiqua!<\/p>\n<p>Die Villa hat eine Fl\u00e4che von ca. 130 m2 und eine Gartenfl\u00e4che von 660 m2 mit beheiztem Pool und Whirlpool. Ein antic Wand aus venezianischen Zeit (H\u00f6he ca. 3,5 m) bildet die \u00f6stliche Grenze Innenhof und ist ein Teil der Stadtmauer, w\u00e4hrend die S\u00fcdgrenze ist ein antic Wand von der r\u00f6mische Zeit, die auch ein Teil der Stadtmauer. Im Hinblick auf die W\u00e4nde, Vegetation und seiner Lage ist die Villa bietet viel Privatsph\u00e4re. Sie k\u00f6nnen sich im Schatten der Kiefern, die Bucht schauen und das Segelboote nur wenige Meter entfernt, oder sie k\u00f6nnen einfach zu Fu\u00df ist der Strand nur 250 m entfernt.<\/p>\n<p>Die Villa besteht aus voll ausgestattete K\u00fcche, Wohn- \/ Esszimmer, Schlafzimmer, Flur und Bad im Erdgeschoss und zwei Schlafzimmer, Bad und Flur im Obergeschoss. Die Villa ist mit Holzofen, SAT-TV, DVD-Player, Radio mit CD- und MP3-Player, Eisw\u00fcrfelbereiter, Espressomaschine und Klimaanlage in allen Zimmern ausgestattet. Die Villa liegt direkt gegen\u00fcber dem kleinen Yachthafen, wo Sie Ihre Segelboote und gr\u00f6\u00dfere Motorboote zu platzieren. Die Villa ist mit dem Auto oder mit dem Boot erreichbar.<\/p>\n<p>Wenn Sie gerne Wanderung zum h\u00f6chsten der Berg Osorscica mit die Erhebung von 588 m. Osor bietet Ihnen auch die M\u00f6glichkeit zu jagen Hirsche und Wildschweine.<\/p>\n<p>Interessante Tatsache ist, dass wenn der Inseln Cres und Lo\u0161inj waren eigentlich einer Insel Lo\u0161inj, bevor Osor Kanal gegraben wurde. Die Fundamente der Stadtmauer enth\u00fcllen die altert\u00fcmliche Geschichte, deren Spuren bis zur Urgeschichte ins 9.Jh. vor Chr. Unterkunftskapazit\u00e4ten Osor liegt am Kanal, der die Inseln Cres und Lo\u0161inj. Inseln sind verbunden mit beweglicher Br\u00fccke. Der Kanal wurde von den R\u00f6mern zu bauen, um Segeln m\u00f6glich. Osor ist ein Museum im Freien, wo finden Sie antike Stadt Platz umgeben von wundersch\u00f6nen Geb\u00e4uden aus dem 15. und 16. Jh., Bishop&#8217;s Palace, Kathedrale und Glockenturm aus der fr\u00fchchristlichen Zeit; durch die Stadt k\u00f6nnen Sie sto\u00dfen auf zahlreiche Skulpturen links hinter der gro\u00dfen kroatischen K\u00fcnstlers Ivan Me\u0161trovi\u0107. W\u00e4hrend der Sommermonate die Stadt im Freien B\u00fchne Osor musikalische Veranstaltung, die jedes Jahr findet in der Sommer seit 1976.<\/p>\n<p>Sch\u00f6ne Natur und friedliche Umwelt gew\u00e4hrt werden rund um die ganze Zeit&#8230;<\/p>\n<p>[\/et_pb_text][\/et_pb_column][\/et_pb_row][\/et_pb_section]<\/p>\n","protected":false},"excerpt":{"rendered":"<p>Einzigartige Anti-Stress-Oase Villa Antiqua mit beheiztem Schwimmbad und WhirlpoolM\u00f6chten Sie Ihren Urlaub in einer traumhaften Familienvilla in dem historischen St\u00e4dtchen Osor, der Anti-Stress-Oase der Inseln Cres und Lo\u0161inj, einer der sch\u00f6nsten Ecken der kroatischen Adria genie\u00dfen?Dann besuchen sie die Villa Antiqua!Die Villa hat eine Fl\u00e4che von ca. 130 m2 und eine Gartenfl\u00e4che von 660 m2 [&hellip;]<\/p>\n","protected":false},"author":1,"featured_media":0,"parent":0,"menu_order":0,"comment_status":"closed","ping_status":"closed","template":"","meta":{"_et_pb_use_builder":"on","_et_pb_old_content":"","_et_gb_content_width":"","_glsr_average":0,"_glsr_ranking":0,"_glsr_reviews":0,"footnotes":""},"class_list":["post-722","page","type-page","status-publish","hentry"],"yoast_head":"<!-- This site is optimized with the Yoast SEO plugin v26.8 - https:\/\/yoast.com\/product\/yoast-seo-wordpress\/ -->\n<title>Villa Antique - About<\/title>\n<meta name=\"description\" content=\"Do you want to enjoy a lovely family villa in ancient city of Osor, the anti-stress oasis of the islands Cres and Lo\u0161inj, one of the most beautiful parts of Adriatic Sea in Croatia? Then visit Villa Antiqua! The villa has the surface area of approximately 130 m2 and 660 m2 of garden area.\" \/>\n<meta name=\"robots\" content=\"index, follow, max-snippet:-1, max-image-preview:large, max-video-preview:-1\" \/>\n<link rel=\"canonical\" href=\"https:\/\/villaantiqua.com\/de\/villa-antiqua\/\" \/>\n<meta property=\"og:locale\" content=\"de_DE\" \/>\n<meta property=\"og:type\" content=\"article\" \/>\n<meta property=\"og:title\" content=\"Villa Antique - About\" \/>\n<meta property=\"og:description\" content=\"Do you want to enjoy a lovely family villa in ancient city of Osor, the anti-stress oasis of the islands Cres and Lo\u0161inj, one of the most beautiful parts of Adriatic Sea in Croatia? Then visit Villa Antiqua! The villa has the surface area of approximately 130 m2 and 660 m2 of garden area.\" \/>\n<meta property=\"og:url\" content=\"https:\/\/villaantiqua.com\/de\/villa-antiqua\/\" \/>\n<meta property=\"og:site_name\" content=\"Villa Antiqua\" \/>\n<meta property=\"article:modified_time\" content=\"2019-11-14T13:20:25+00:00\" \/>\n<meta name=\"twitter:card\" content=\"summary_large_image\" \/>\n<meta name=\"twitter:label1\" content=\"Gesch\u00e4tzte Lesezeit\" \/>\n\t<meta name=\"twitter:data1\" content=\"6\u00a0Minuten\" \/>\n<script type=\"application\/ld+json\" class=\"yoast-schema-graph\">{\"@context\":\"https:\/\/schema.org\",\"@graph\":[{\"@type\":\"WebPage\",\"@id\":\"https:\/\/villaantiqua.com\/de\/villa-antiqua\/\",\"url\":\"https:\/\/villaantiqua.com\/de\/villa-antiqua\/\",\"name\":\"Villa Antique - About\",\"isPartOf\":{\"@id\":\"https:\/\/villaantiqua.com\/#website\"},\"datePublished\":\"2017-11-26T12:31:19+00:00\",\"dateModified\":\"2019-11-14T13:20:25+00:00\",\"description\":\"Do you want to enjoy a lovely family villa in ancient city of Osor, the anti-stress oasis of the islands Cres and Lo\u0161inj, one of the most beautiful parts of Adriatic Sea in Croatia? Then visit Villa Antiqua! The villa has the surface area of approximately 130 m2 and 660 m2 of garden area.\",\"breadcrumb\":{\"@id\":\"https:\/\/villaantiqua.com\/de\/villa-antiqua\/#breadcrumb\"},\"inLanguage\":\"de\",\"potentialAction\":[{\"@type\":\"ReadAction\",\"target\":[\"https:\/\/villaantiqua.com\/de\/villa-antiqua\/\"]}]},{\"@type\":\"BreadcrumbList\",\"@id\":\"https:\/\/villaantiqua.com\/de\/villa-antiqua\/#breadcrumb\",\"itemListElement\":[{\"@type\":\"ListItem\",\"position\":1,\"name\":\"Po\u010detna stranica\",\"item\":\"https:\/\/villaantiqua.com\/de\/\"},{\"@type\":\"ListItem\",\"position\":2,\"name\":\"Villa Antiqua\"}]},{\"@type\":\"WebSite\",\"@id\":\"https:\/\/villaantiqua.com\/#website\",\"url\":\"https:\/\/villaantiqua.com\/\",\"name\":\"Villa Antiqua\",\"description\":\"\",\"publisher\":{\"@id\":\"https:\/\/villaantiqua.com\/#\/schema\/person\/e83cb3f956c8d95a70c1922bcc96b31f\"},\"potentialAction\":[{\"@type\":\"SearchAction\",\"target\":{\"@type\":\"EntryPoint\",\"urlTemplate\":\"https:\/\/villaantiqua.com\/?s={search_term_string}\"},\"query-input\":{\"@type\":\"PropertyValueSpecification\",\"valueRequired\":true,\"valueName\":\"search_term_string\"}}],\"inLanguage\":\"de\"},{\"@type\":[\"Person\",\"Organization\"],\"@id\":\"https:\/\/villaantiqua.com\/#\/schema\/person\/e83cb3f956c8d95a70c1922bcc96b31f\",\"name\":\"Sven Bulat\",\"image\":{\"@type\":\"ImageObject\",\"inLanguage\":\"de\",\"@id\":\"https:\/\/villaantiqua.com\/#\/schema\/person\/image\/\",\"url\":\"https:\/\/secure.gravatar.com\/avatar\/ad0d4b20f161974a3e558acab0de3e65b25b5599c762d2e6966e29de380903b3?s=96&d=mm&r=g\",\"contentUrl\":\"https:\/\/secure.gravatar.com\/avatar\/ad0d4b20f161974a3e558acab0de3e65b25b5599c762d2e6966e29de380903b3?s=96&d=mm&r=g\",\"caption\":\"Sven Bulat\"},\"logo\":{\"@id\":\"https:\/\/villaantiqua.com\/#\/schema\/person\/image\/\"}}]}<\/script>\n<!-- \/ Yoast SEO plugin. -->","yoast_head_json":{"title":"Villa Antique - About","description":"Do you want to enjoy a lovely family villa in ancient city of Osor, the anti-stress oasis of the islands Cres and Lo\u0161inj, one of the most beautiful parts of Adriatic Sea in Croatia? Then visit Villa Antiqua! The villa has the surface area of approximately 130 m2 and 660 m2 of garden area.","robots":{"index":"index","follow":"follow","max-snippet":"max-snippet:-1","max-image-preview":"max-image-preview:large","max-video-preview":"max-video-preview:-1"},"canonical":"https:\/\/villaantiqua.com\/de\/villa-antiqua\/","og_locale":"de_DE","og_type":"article","og_title":"Villa Antique - About","og_description":"Do you want to enjoy a lovely family villa in ancient city of Osor, the anti-stress oasis of the islands Cres and Lo\u0161inj, one of the most beautiful parts of Adriatic Sea in Croatia? Then visit Villa Antiqua! The villa has the surface area of approximately 130 m2 and 660 m2 of garden area.","og_url":"https:\/\/villaantiqua.com\/de\/villa-antiqua\/","og_site_name":"Villa Antiqua","article_modified_time":"2019-11-14T13:20:25+00:00","twitter_card":"summary_large_image","twitter_misc":{"Gesch\u00e4tzte Lesezeit":"6\u00a0Minuten"},"schema":{"@context":"https:\/\/schema.org","@graph":[{"@type":"WebPage","@id":"https:\/\/villaantiqua.com\/de\/villa-antiqua\/","url":"https:\/\/villaantiqua.com\/de\/villa-antiqua\/","name":"Villa Antique - About","isPartOf":{"@id":"https:\/\/villaantiqua.com\/#website"},"datePublished":"2017-11-26T12:31:19+00:00","dateModified":"2019-11-14T13:20:25+00:00","description":"Do you want to enjoy a lovely family villa in ancient city of Osor, the anti-stress oasis of the islands Cres and Lo\u0161inj, one of the most beautiful parts of Adriatic Sea in Croatia? Then visit Villa Antiqua! The villa has the surface area of approximately 130 m2 and 660 m2 of garden area.","breadcrumb":{"@id":"https:\/\/villaantiqua.com\/de\/villa-antiqua\/#breadcrumb"},"inLanguage":"de","potentialAction":[{"@type":"ReadAction","target":["https:\/\/villaantiqua.com\/de\/villa-antiqua\/"]}]},{"@type":"BreadcrumbList","@id":"https:\/\/villaantiqua.com\/de\/villa-antiqua\/#breadcrumb","itemListElement":[{"@type":"ListItem","position":1,"name":"Po\u010detna stranica","item":"https:\/\/villaantiqua.com\/de\/"},{"@type":"ListItem","position":2,"name":"Villa Antiqua"}]},{"@type":"WebSite","@id":"https:\/\/villaantiqua.com\/#website","url":"https:\/\/villaantiqua.com\/","name":"Villa Antiqua","description":"","publisher":{"@id":"https:\/\/villaantiqua.com\/#\/schema\/person\/e83cb3f956c8d95a70c1922bcc96b31f"},"potentialAction":[{"@type":"SearchAction","target":{"@type":"EntryPoint","urlTemplate":"https:\/\/villaantiqua.com\/?s={search_term_string}"},"query-input":{"@type":"PropertyValueSpecification","valueRequired":true,"valueName":"search_term_string"}}],"inLanguage":"de"},{"@type":["Person","Organization"],"@id":"https:\/\/villaantiqua.com\/#\/schema\/person\/e83cb3f956c8d95a70c1922bcc96b31f","name":"Sven Bulat","image":{"@type":"ImageObject","inLanguage":"de","@id":"https:\/\/villaantiqua.com\/#\/schema\/person\/image\/","url":"https:\/\/secure.gravatar.com\/avatar\/ad0d4b20f161974a3e558acab0de3e65b25b5599c762d2e6966e29de380903b3?s=96&d=mm&r=g","contentUrl":"https:\/\/secure.gravatar.com\/avatar\/ad0d4b20f161974a3e558acab0de3e65b25b5599c762d2e6966e29de380903b3?s=96&d=mm&r=g","caption":"Sven Bulat"},"logo":{"@id":"https:\/\/villaantiqua.com\/#\/schema\/person\/image\/"}}]}},"_links":{"self":[{"href":"https:\/\/villaantiqua.com\/de\/wp-json\/wp\/v2\/pages\/722","targetHints":{"allow":["GET"]}}],"collection":[{"href":"https:\/\/villaantiqua.com\/de\/wp-json\/wp\/v2\/pages"}],"about":[{"href":"https:\/\/villaantiqua.com\/de\/wp-json\/wp\/v2\/types\/page"}],"author":[{"embeddable":true,"href":"https:\/\/villaantiqua.com\/de\/wp-json\/wp\/v2\/users\/1"}],"replies":[{"embeddable":true,"href":"https:\/\/villaantiqua.com\/de\/wp-json\/wp\/v2\/comments?post=722"}],"version-history":[{"count":0,"href":"https:\/\/villaantiqua.com\/de\/wp-json\/wp\/v2\/pages\/722\/revisions"}],"wp:attachment":[{"href":"https:\/\/villaantiqua.com\/de\/wp-json\/wp\/v2\/media?parent=722"}],"curies":[{"name":"wp","href":"https:\/\/api.w.org\/{rel}","templated":true}]}}