{"id":744,"date":"2019-11-18T13:35:38","date_gmt":"2019-11-18T12:35:38","guid":{"rendered":"https:\/\/villaantiqua.com\/uralt-osor\/"},"modified":"2020-08-10T14:58:32","modified_gmt":"2020-08-10T12:58:32","slug":"uralt-osor","status":"publish","type":"page","link":"https:\/\/villaantiqua.com\/de\/uralt-osor\/","title":{"rendered":"Antik Osor"},"content":{"rendered":"<p>[et_pb_section fb_built=&#8220;1&#8243; module_id=&#8220;glavni_wrapper&#8220; _builder_version=&#8220;3.22&#8243; background_image=&#8220;http:\/\/villaantiqua.com\/wp-content\/uploads\/2017\/12\/28.jpg&#8220; custom_margin=&#8220;0px|||&#8220; custom_padding=&#8220;0px|||&#8220;][et_pb_row _builder_version=&#8220;3.25&#8243; background_color=&#8220;#ffffff&#8220; background_size=&#8220;initial&#8220; background_position=&#8220;top_left&#8220; background_repeat=&#8220;repeat&#8220; module_alignment=&#8220;center&#8220; custom_margin=&#8220;0px|||&#8220; custom_padding=&#8220;0px||0px|&#8220; border_radii=&#8220;|0px|0px|10px|10px&#8220;][et_pb_column type=&#8220;4_4&#8243; _builder_version=&#8220;3.25&#8243; custom_padding=&#8220;0px|||&#8220; custom_padding__hover=&#8220;|||&#8220;][et_pb_text admin_label=&#8220;History&#8220; module_class=&#8220;scroll_text&#8220; _builder_version=&#8220;4.5.2&#8243; header_font=&#8220;|800|||||||&#8220; header_text_align=&#8220;center&#8220; header_text_color=&#8220;#c5ac84&#8243; header_font_size=&#8220;70px&#8220; background_color=&#8220;#ffffff&#8220; custom_margin=&#8220;0px|||&#8220; custom_padding=&#8220;30px|30px|30px|30px&#8220; hover_enabled=&#8220;0&#8243; border_radii=&#8220;|0px|0px|10px|10px&#8220;]Es wird angenommen, dass der Osor-Isthmus fruher viel breiter war als es heute ist, und war aufgrund seiner strategischen Bedeutung in der pr\u00e4historischer Zeit bewohnt, was viele Funde bezeugen und die sich vor allem in der N\u00e4he der Stadt Osor befinden. In der Antike war Osor eine wichtige Transitstation die Schutz f\u00fcr Schiffe\u00a0 bietete, die zu dieser Zeit haupts\u00e4chlich entlang der K\u00fcste fuhren.<\/p>\n<p>Es muss gesagt werden, dass Osor mit Sicherheit zu unseren \u00e4ltesten St\u00e4dten geh\u00f6rt und auch als erstes aufgezeichnet ist in der geschriebenen Geschichte, und es ist bekannt, dass der historische Bernsteinpfad, der entlang unserer K\u00fcste verlief, auch hier vorbeiging\u00a0 und uns mit der Ostsee verband. Ansonsten ist der Name wahrscheinlich illyrischen Ursprungs und kann darauf zur\u00fcckgef\u00fchrt werden und die Transformation von griechischen, r\u00f6mischen, byzantinischen und lateinischen Noten bis zur Gegenwart in die Kroatische Begriffe: Apsoros, Apsorus, Opsare und Absortium sowie Osero und Osor.<\/p>\n<p>Einige Arch\u00e4ologen glauben, dass die Schiffe den Osor-Isthmus \u00f6stlich der Stadt bezwangen, \u00fcber Flachwasser \u00fcber Walzen gefahren oder gezogen w\u00fcrden, und dieser Raum w\u00fcrde anschlie\u00dfend aufgef\u00fcllt. Dies schlie\u00dft ab die Zusammensetzung der Stadtmauern und die Tatsache, dass Osor \u00fcberhaupt keinen Hafen hat au\u00dfer Bijar Bucht auf dem nordwesten und dem schlammigen Flachwasser\u00a0 des Jaz im S\u00fcdosten, wo sich einst Salzpfannen befanden.<\/p>\n<p>Es w\u00fcrde sehr fr\u00fch, wahrscheinlich schon in der R\u00f6merzeit, im Westen in festem Fels ein k\u00fcnstlicher Kanal unter der Stadtmauer namens Cavata gegraben (kroatische Kavuada) und heute namens Kavanela. Dieser Kanal ist die Ursache f\u00fcr den gro\u00dfen historischen Aufstieg von Osor, aber sp\u00e4ter auch f\u00fcr seinen zerfall.<\/p>\n<p>Osor war zun\u00e4chst eine liburnische Siedlung, die mit den Griechen zusammenarbeitete. Die R\u00f6mer \u00fcbernahmen es \u00fcber 167. v. Chr. Und befestigten es entlang der illyrischen Mauer. Aus der R\u00f6merzeit stammen die \u00dcberreste von den Hauptstra\u00dfen (Cardio und Decumanus), \u00f6ffentlichen Geb\u00e4ude, Abwasser und Wasserversorgung w\u00fcrden entdeckt und<\/p>\n<p>Die Nekropole befand sich auf der anderen Seite des Kanals, auf der Seite von Lo\u0161inj. Es wird angenommen, dass dieser Zeitraum der erfolgreichste der Stadt war, die Zeit des Reichtums und Wohlstands, weil die \u00dcberreste der Illyrer darin lebten, die neue R\u00f6misch-italienische Bev\u00f6lkerung und zahlreiche Einwanderer aus dem Osten, vor allem Griechen. Er hat sogar Reiseschriftsteller Alberto Fortis geschrieben, dass es eine Bev\u00f6lkerung von fast 20.000 hatte, was wahrscheinlich sehr \u00fcbertrieben ist, aber es ist m\u00f6glich, dass es im r\u00f6mischen Absorus mehrere Tausend gab.<\/p>\n<p>Im 5. Jahrhundert war Osor f\u00fcr kurze Zeit unter der Herrschaft von Ostrogoth und im fr\u00fchen 6. Jahrhundert wurde es annektiert zu Dalmatien und war ein Teil des Byzantinischen Reiches. Es wird vermutet, dass damals in Osor die Di\u00f6zese gegr\u00fcndet wurde (530. Synode von Salona). Die Stadt w\u00fcrde 841 von den Sarazenen erobert und erneut (im 14. Jahrhundert) noch mehr von den Genuesen. Im 10. Jahrhundert erkannte Osor die Herrschaft der kroatischen Herrscher an, war seit 1000 n. Chr. unter venezianischer Herrschaft, und 1105 erhielt er vom kroatisch-ungarischen K\u00f6nig Koloman Stadtprivilegien.<br \/>\n[\/et_pb_text][\/et_pb_column][\/et_pb_row][\/et_pb_section]<\/p>\n","protected":false},"excerpt":{"rendered":"<p>Es wird angenommen, dass der Osor-Isthmus fruher viel breiter war als es heute ist, und war aufgrund seiner strategischen Bedeutung in der pr\u00e4historischer Zeit bewohnt, was viele Funde bezeugen und die sich vor allem in der N\u00e4he der Stadt Osor befinden. In der Antike war Osor eine wichtige Transitstation die Schutz f\u00fcr Schiffe\u00a0 bietete, die [&hellip;]<\/p>\n","protected":false},"author":1,"featured_media":0,"parent":0,"menu_order":0,"comment_status":"closed","ping_status":"closed","template":"","meta":{"_et_pb_use_builder":"on","_et_pb_old_content":"","_et_gb_content_width":"","_glsr_average":0,"_glsr_ranking":0,"_glsr_reviews":0,"footnotes":""},"class_list":["post-744","page","type-page","status-publish","hentry"],"yoast_head":"<!-- This site is optimized with the Yoast SEO plugin v26.8 - https:\/\/yoast.com\/product\/yoast-seo-wordpress\/ -->\n<title>Antik Osor - Villa Antiqua<\/title>\n<meta name=\"robots\" content=\"index, follow, max-snippet:-1, max-image-preview:large, max-video-preview:-1\" \/>\n<link rel=\"canonical\" href=\"https:\/\/villaantiqua.com\/de\/uralt-osor\/\" \/>\n<meta property=\"og:locale\" content=\"de_DE\" \/>\n<meta property=\"og:type\" content=\"article\" \/>\n<meta property=\"og:title\" content=\"Antik Osor - Villa Antiqua\" \/>\n<meta property=\"og:description\" content=\"Es wird angenommen, dass der Osor-Isthmus fruher viel breiter war als es heute ist, und war aufgrund seiner strategischen Bedeutung in der pr\u00e4historischer Zeit bewohnt, was viele Funde bezeugen und die sich vor allem in der N\u00e4he der Stadt Osor befinden. In der Antike war Osor eine wichtige Transitstation die Schutz f\u00fcr Schiffe\u00a0 bietete, die [&hellip;]\" \/>\n<meta property=\"og:url\" content=\"https:\/\/villaantiqua.com\/de\/uralt-osor\/\" \/>\n<meta property=\"og:site_name\" content=\"Villa Antiqua\" \/>\n<meta property=\"article:modified_time\" content=\"2020-08-10T12:58:32+00:00\" \/>\n<meta name=\"twitter:card\" content=\"summary_large_image\" \/>\n<meta name=\"twitter:label1\" content=\"Gesch\u00e4tzte Lesezeit\" \/>\n\t<meta name=\"twitter:data1\" content=\"3\u00a0Minuten\" \/>\n<script type=\"application\/ld+json\" class=\"yoast-schema-graph\">{\"@context\":\"https:\/\/schema.org\",\"@graph\":[{\"@type\":\"WebPage\",\"@id\":\"https:\/\/villaantiqua.com\/de\/uralt-osor\/\",\"url\":\"https:\/\/villaantiqua.com\/de\/uralt-osor\/\",\"name\":\"Antik Osor - Villa Antiqua\",\"isPartOf\":{\"@id\":\"https:\/\/villaantiqua.com\/#website\"},\"datePublished\":\"2019-11-18T12:35:38+00:00\",\"dateModified\":\"2020-08-10T12:58:32+00:00\",\"breadcrumb\":{\"@id\":\"https:\/\/villaantiqua.com\/de\/uralt-osor\/#breadcrumb\"},\"inLanguage\":\"de\",\"potentialAction\":[{\"@type\":\"ReadAction\",\"target\":[\"https:\/\/villaantiqua.com\/de\/uralt-osor\/\"]}]},{\"@type\":\"BreadcrumbList\",\"@id\":\"https:\/\/villaantiqua.com\/de\/uralt-osor\/#breadcrumb\",\"itemListElement\":[{\"@type\":\"ListItem\",\"position\":1,\"name\":\"Po\u010detna stranica\",\"item\":\"https:\/\/villaantiqua.com\/de\/\"},{\"@type\":\"ListItem\",\"position\":2,\"name\":\"Antik Osor\"}]},{\"@type\":\"WebSite\",\"@id\":\"https:\/\/villaantiqua.com\/#website\",\"url\":\"https:\/\/villaantiqua.com\/\",\"name\":\"Villa Antiqua\",\"description\":\"\",\"publisher\":{\"@id\":\"https:\/\/villaantiqua.com\/#\/schema\/person\/e83cb3f956c8d95a70c1922bcc96b31f\"},\"potentialAction\":[{\"@type\":\"SearchAction\",\"target\":{\"@type\":\"EntryPoint\",\"urlTemplate\":\"https:\/\/villaantiqua.com\/?s={search_term_string}\"},\"query-input\":{\"@type\":\"PropertyValueSpecification\",\"valueRequired\":true,\"valueName\":\"search_term_string\"}}],\"inLanguage\":\"de\"},{\"@type\":[\"Person\",\"Organization\"],\"@id\":\"https:\/\/villaantiqua.com\/#\/schema\/person\/e83cb3f956c8d95a70c1922bcc96b31f\",\"name\":\"Sven Bulat\",\"image\":{\"@type\":\"ImageObject\",\"inLanguage\":\"de\",\"@id\":\"https:\/\/villaantiqua.com\/#\/schema\/person\/image\/\",\"url\":\"https:\/\/secure.gravatar.com\/avatar\/ad0d4b20f161974a3e558acab0de3e65b25b5599c762d2e6966e29de380903b3?s=96&d=mm&r=g\",\"contentUrl\":\"https:\/\/secure.gravatar.com\/avatar\/ad0d4b20f161974a3e558acab0de3e65b25b5599c762d2e6966e29de380903b3?s=96&d=mm&r=g\",\"caption\":\"Sven Bulat\"},\"logo\":{\"@id\":\"https:\/\/villaantiqua.com\/#\/schema\/person\/image\/\"}}]}<\/script>\n<!-- \/ Yoast SEO plugin. -->","yoast_head_json":{"title":"Antik Osor - Villa Antiqua","robots":{"index":"index","follow":"follow","max-snippet":"max-snippet:-1","max-image-preview":"max-image-preview:large","max-video-preview":"max-video-preview:-1"},"canonical":"https:\/\/villaantiqua.com\/de\/uralt-osor\/","og_locale":"de_DE","og_type":"article","og_title":"Antik Osor - Villa Antiqua","og_description":"Es wird angenommen, dass der Osor-Isthmus fruher viel breiter war als es heute ist, und war aufgrund seiner strategischen Bedeutung in der pr\u00e4historischer Zeit bewohnt, was viele Funde bezeugen und die sich vor allem in der N\u00e4he der Stadt Osor befinden. In der Antike war Osor eine wichtige Transitstation die Schutz f\u00fcr Schiffe\u00a0 bietete, die [&hellip;]","og_url":"https:\/\/villaantiqua.com\/de\/uralt-osor\/","og_site_name":"Villa Antiqua","article_modified_time":"2020-08-10T12:58:32+00:00","twitter_card":"summary_large_image","twitter_misc":{"Gesch\u00e4tzte Lesezeit":"3\u00a0Minuten"},"schema":{"@context":"https:\/\/schema.org","@graph":[{"@type":"WebPage","@id":"https:\/\/villaantiqua.com\/de\/uralt-osor\/","url":"https:\/\/villaantiqua.com\/de\/uralt-osor\/","name":"Antik Osor - Villa Antiqua","isPartOf":{"@id":"https:\/\/villaantiqua.com\/#website"},"datePublished":"2019-11-18T12:35:38+00:00","dateModified":"2020-08-10T12:58:32+00:00","breadcrumb":{"@id":"https:\/\/villaantiqua.com\/de\/uralt-osor\/#breadcrumb"},"inLanguage":"de","potentialAction":[{"@type":"ReadAction","target":["https:\/\/villaantiqua.com\/de\/uralt-osor\/"]}]},{"@type":"BreadcrumbList","@id":"https:\/\/villaantiqua.com\/de\/uralt-osor\/#breadcrumb","itemListElement":[{"@type":"ListItem","position":1,"name":"Po\u010detna stranica","item":"https:\/\/villaantiqua.com\/de\/"},{"@type":"ListItem","position":2,"name":"Antik Osor"}]},{"@type":"WebSite","@id":"https:\/\/villaantiqua.com\/#website","url":"https:\/\/villaantiqua.com\/","name":"Villa Antiqua","description":"","publisher":{"@id":"https:\/\/villaantiqua.com\/#\/schema\/person\/e83cb3f956c8d95a70c1922bcc96b31f"},"potentialAction":[{"@type":"SearchAction","target":{"@type":"EntryPoint","urlTemplate":"https:\/\/villaantiqua.com\/?s={search_term_string}"},"query-input":{"@type":"PropertyValueSpecification","valueRequired":true,"valueName":"search_term_string"}}],"inLanguage":"de"},{"@type":["Person","Organization"],"@id":"https:\/\/villaantiqua.com\/#\/schema\/person\/e83cb3f956c8d95a70c1922bcc96b31f","name":"Sven Bulat","image":{"@type":"ImageObject","inLanguage":"de","@id":"https:\/\/villaantiqua.com\/#\/schema\/person\/image\/","url":"https:\/\/secure.gravatar.com\/avatar\/ad0d4b20f161974a3e558acab0de3e65b25b5599c762d2e6966e29de380903b3?s=96&d=mm&r=g","contentUrl":"https:\/\/secure.gravatar.com\/avatar\/ad0d4b20f161974a3e558acab0de3e65b25b5599c762d2e6966e29de380903b3?s=96&d=mm&r=g","caption":"Sven Bulat"},"logo":{"@id":"https:\/\/villaantiqua.com\/#\/schema\/person\/image\/"}}]}},"_links":{"self":[{"href":"https:\/\/villaantiqua.com\/de\/wp-json\/wp\/v2\/pages\/744","targetHints":{"allow":["GET"]}}],"collection":[{"href":"https:\/\/villaantiqua.com\/de\/wp-json\/wp\/v2\/pages"}],"about":[{"href":"https:\/\/villaantiqua.com\/de\/wp-json\/wp\/v2\/types\/page"}],"author":[{"embeddable":true,"href":"https:\/\/villaantiqua.com\/de\/wp-json\/wp\/v2\/users\/1"}],"replies":[{"embeddable":true,"href":"https:\/\/villaantiqua.com\/de\/wp-json\/wp\/v2\/comments?post=744"}],"version-history":[{"count":3,"href":"https:\/\/villaantiqua.com\/de\/wp-json\/wp\/v2\/pages\/744\/revisions"}],"predecessor-version":[{"id":845,"href":"https:\/\/villaantiqua.com\/de\/wp-json\/wp\/v2\/pages\/744\/revisions\/845"}],"wp:attachment":[{"href":"https:\/\/villaantiqua.com\/de\/wp-json\/wp\/v2\/media?parent=744"}],"curies":[{"name":"wp","href":"https:\/\/api.w.org\/{rel}","templated":true}]}}